{"id":3,"date":"2021-05-11T07:33:07","date_gmt":"2021-05-11T07:33:07","guid":{"rendered":"https:\/\/alsjelijfjeliefis.nl\/?page_id=3"},"modified":"2026-01-12T15:21:14","modified_gmt":"2026-01-12T15:21:14","slug":"privacy-policy","status":"publish","type":"page","link":"https:\/\/alsjelijfjeliefis.nl\/index.php\/privacy-policy\/","title":{"rendered":"Algemene voorwaarden"},"content":{"rendered":"\n<p>Sessies, massages en watsu-sessies vinden uitsluitend plaats op afspraak en worden in overleg met de cli\u00ebnt ingepland. Annulering is kosteloos mogelijk tot 24 uur v\u00f3\u00f3r aanvang van de afspraak. Bij annulering binnen 24 uur voor aanvang worden de kosten van de sessie volledig in rekening gebracht.<\/p>\n\n\n\n<p>Bij aanvang van de eerste sessie of het informatiegesprek worden persoonsgegevens van de cli\u00ebnt vastgelegd, waaronder contactgegevens. Deze gegevens worden uitsluitend verwerkt ten behoeve van administratie en communicatie en in overeenstemming met de Algemene Verordening Gegevensbescherming (AVG). Persoonsgegevens worden vertrouwelijk behandeld en niet aan derden verstrekt, tenzij dit wettelijk verplicht is.<\/p>\n\n\n\n<p>De cli\u00ebnt-ontvanger is verplicht zorg te dragen voor een goede persoonlijke hygi\u00ebne voorafgaand aan iedere behandeling of sessie.<\/p>\n\n\n\n<p>Door het reserveren van een massage, sessie of watsu-sessie verklaart de cli\u00ebnt geen besmettelijke aandoening te hebben die een risico kan vormen voor de behandelaar of derden. Hieronder vallen onder andere, doch niet uitsluitend: ernstige verkoudheid, hoest, griep, koorts, soa\u2019s, huidaandoeningen, koortslip, (ernstige) schimmel- en infectieziekten. Bij twijfel dient de cli\u00ebnt dit voorafgaand aan de sessie te melden. Als je lijfje lief is behoudt zich het recht voor om bij (vermoeden van) een besmettelijke aandoening de sessie te weigeren of voortijdig te be\u00ebindigen, zonder recht op restitutie.<\/p>\n\n\n\n<p>Als je lijfje lief is is niet aansprakelijk voor verlies, diefstal of beschadiging van persoonlijke eigendommen van de cli\u00ebnt.<\/p>\n\n\n\n<p>In geval van overmacht behoudt als je lijfje lief is zich het recht voor om afspraken te annuleren of te verplaatsen naar een andere datum en\/of tijd, zonder enige verplichting tot compensatie of restitutie.<\/p>\n\n\n\n<p>Als je lijfje lief is is niet aansprakelijk voor enige vorm van lichamelijke en\/of psychische schade, al dan niet blijvend. Deelname aan sessies en behandelingen geschiedt volledig op eigen risico van de cli\u00ebnt.<\/p>\n\n\n\n<p>Als je Lijf je Lief is<br>Annet Agterhof<br>Hensbroek<br>Noord Holland<\/p>\n","protected":false},"excerpt":{"rendered":"<p>Sessies, massages en watsu-sessies vinden uitsluitend plaats op afspraak en worden in overleg met de cli\u00ebnt ingepland. Annulering is kosteloos mogelijk tot 24 uur v\u00f3\u00f3r aanvang van de afspraak. Bij annulering binnen 24 uur voor aanvang worden de kosten van de sessie volledig in rekening gebracht. Bij aanvang van de eerste sessie of het informatiegesprek <a class=\"read-more\" href=\"https:\/\/alsjelijfjeliefis.nl\/index.php\/privacy-policy\/\">LEES MEER<\/a><\/p>\n","protected":false},"author":1,"featured_media":0,"parent":0,"menu_order":0,"comment_status":"closed","ping_status":"open","template":"","meta":{"footnotes":""},"class_list":["post-3","page","type-page","status-publish","hentry"],"_links":{"self":[{"href":"https:\/\/alsjelijfjeliefis.nl\/index.php\/wp-json\/wp\/v2\/pages\/3","targetHints":{"allow":["GET"]}}],"collection":[{"href":"https:\/\/alsjelijfjeliefis.nl\/index.php\/wp-json\/wp\/v2\/pages"}],"about":[{"href":"https:\/\/alsjelijfjeliefis.nl\/index.php\/wp-json\/wp\/v2\/types\/page"}],"author":[{"embeddable":true,"href":"https:\/\/alsjelijfjeliefis.nl\/index.php\/wp-json\/wp\/v2\/users\/1"}],"replies":[{"embeddable":true,"href":"https:\/\/alsjelijfjeliefis.nl\/index.php\/wp-json\/wp\/v2\/comments?post=3"}],"version-history":[{"count":6,"href":"https:\/\/alsjelijfjeliefis.nl\/index.php\/wp-json\/wp\/v2\/pages\/3\/revisions"}],"predecessor-version":[{"id":775,"href":"https:\/\/alsjelijfjeliefis.nl\/index.php\/wp-json\/wp\/v2\/pages\/3\/revisions\/775"}],"wp:attachment":[{"href":"https:\/\/alsjelijfjeliefis.nl\/index.php\/wp-json\/wp\/v2\/media?parent=3"}],"curies":[{"name":"wp","href":"https:\/\/api.w.org\/{rel}","templated":true}]}}